{"id":66,"date":"2024-02-04T19:26:18","date_gmt":"2024-02-04T18:26:18","guid":{"rendered":"https:\/\/lesif.fr\/?page_id=66"},"modified":"2024-02-20T12:38:49","modified_gmt":"2024-02-20T11:38:49","slug":"test-de-personnalite-du-sif","status":"publish","type":"page","link":"https:\/\/lesif.fr\/index.php\/test-de-personnalite-du-sif\/","title":{"rendered":"Test de personnalit\u00e9 du SIF"},"content":{"rendered":"\n<p>\/!\\ Attention ce test n&rsquo;est pas encore finalis\u00e9, il peut comporter des erreurs \/!\\<\/p>\n\n\n\n<!-- Div pour afficher le questionnaire -->\n<div id=\"questionnaireContainer\"><\/div>\n\n<!-- Div pour afficher le r\u00e9sultat -->\n<div id=\"resultatContainer\"><\/div>\n\n<script>\n\/\/ Variable globale pour les questions\nvar questions = [\n  {\n    question: \"Tu arrives \u00e0 la plage, que fais-tu ?\",\n    reponses: [\n      { label: \"Tu attends que le groupe s'installe pour mettre ta serviette sans que les autres mettent du sable dessus\", value: \"L'\u00c9picurien et le Facilitateur\" },\n      { label: \"Tu cherches la zone de baignade et tu reviens l'indiquer au groupe\", value: \"L'Animateur Social\" },\n      { label: \"Tu cherches un bar, tu comprends pas \u00e0 quoi \u00e7a sert d'aller \u00e0 la plage\", value: \"L'\u00c9picurien et le Facilitateur\" },\n      { label: \"Tu mets de la cr\u00e8me solaire, satisfait\", value: \"Le D\u00e9contract\u00e9 et l'Adaptable\" },\n    ],\n  },\n  {\n    question: \"Tu entends un bruit sur ton v\u00e9lo, que fais-tu ?\",\n    reponses: [\n      { label: \"Tu t'arr\u00eates, tu rattrapes les autres, tu te r\u00e9arr\u00eates et ainsi de suite toute la journ\u00e9e\", value: \"Le R\u00e9fl\u00e9chi et l'Organisateur\" },\n      { label: \"Tant que \u00e7a roule tout roule\", value: \"Le Pragmatique et l'Observateur\" },\n      { label: \"Tu t'ach\u00e8tes un v\u00e9lo\", value: \"TODO\" },\n      { label: \"Tu dis rien, c'est ton fr\u00e8re qui t'as fait acheter le v\u00e9lo en te faisant croire que c'\u00e9tait un cad\u00f4\", value: \"TODO\" },\n    ],\n  },\n  {\n    question: \"Tu vas au restaurant et tu n'as pas assez \u00e0 mang\u00e9, que fais-tu ?\",\n    reponses: [\n      { label: \"Tu commentes d\u00e8s que le restaurateur a le dos tourn\u00e9\", value: \"TODO\" },\n      { label: \"Tu dis rien, la pinte est \u00e0 5e\", value: \"TODO\" },\n      { label: \"Tu fais un scandale et les autres sont mal \u00e0 l'aise\", value: \"L'Engag\u00e9 et le D\u00e9fenseur\" },\n      { label: \"Tu n\u00e9gocies un plat en plus avec une approche pougadiste\", value: \"TODO\" },\n    ],\n  },\n  {\n    question: \"Tu arrives dans une ville, que fais-tu ?\",\n    reponses: [\n      { label: \"Tu colles un autocollant\", value: \"TODO\" },\n      { label: \"Tu attends de voir si le groupe va vouloir boire un coup\", value: \"Le R\u00e9fl\u00e9chi et l'Organisateur\" },\n      { label: \"Tu demandes quand est-ce qu'on mange parce que t'es pas r\u00e9f\u00e9rent ce jour l\u00e0\", value: \"TODO\" },\n      { label: \"Tu lis \u00e0 voix haute la fiche wiki mais tu es peu \u00e9cout\u00e9\", value: \"TODO\" },\n    ],\n  },\n  {\n    question: \"Tu arrives en bo\u00eete, que fais-tu ?\",\n    reponses: [\n      { label: \"Tourn\u00e9e de shooter mais tu la mets dans le tricount\", value: \"L'\u00c9picurien et le Facilitateur\" },\n      { label: \"Tu oublies tes potes et tu vas sur la piste de danse\", value: \"Le D\u00e9contract\u00e9 et l'Adaptable\" },\n      { label: \"Tu te demandes combien de temps \u00e7a va durer et tu planifies ton retour seul\", value: \"TODO\" },\n      { label: \"Tu t'enjailles et tu motives les autres sur un morceau de Beyonc\u00e9, \u00e7a fait consensus\", value: \"L'Animateur Social\" },\n    ],\n  },\n  {\n    question: \"Tu arrives au camping, que fais-tu ?\",\n    reponses: [\n      { label: \"Tu vas visiter les sanitaires pour prendre la meilleure douche quand tout le monde ira en m\u00eame temps\", value: \"TODO\" },\n      { label: \"Tu t'allonges et tu sors les mots crois\u00e9s : la journ\u00e9e a \u00e9t\u00e9 suffisamment longue\", value: \"TODO\" },\n      { label: \"Tu cherches un trampoline et tu passes devant les enfants du camping qui, apr\u00e8s tout, en ont d\u00e9j\u00e0 bien profit\u00e9\", value: \"L'Engag\u00e9 et le D\u00e9fenseur\" },\n      { label: \"Tu essaies d'organiser le campement en ligne mais tout le monde est d\u00e9j\u00e0 barr\u00e9 \u00e0 ses occupations\", value: \"L'Animateur Social\" },\n    ],\n  },\n  {\n    question: \"Aujourd'hui, il pleut, que fais-tu ?\",\n    reponses: [\n      { label: \"Tu pleures, tes potes pensent qu'ils sont imperm\u00e9ables\", value: \"TODO\" },\n      { label: \"Tu proposes une activit\u00e9 int\u00e9rieure toute la journ\u00e9e : le caf\u00e9\", value: \"TODO\" },\n      { label: \"\u00c7a change rien, on est pas en sucre\", value: \"Le Pragmatique et l'Observateur\" },\n      { label: \"Tu fais comme si \u00e7a allait parce que les gens autres ont l'air de pas bader, mais tu bades sur la r\u00e9sistance de tes potes\", value: \"Le D\u00e9contract\u00e9 et l'Adaptable\" },\n    ],\n  },\n  {\n    question: \"Il est midi, aujourd'hui, c'est la journ\u00e9e repos, que fais-tu ?\",\n    reponses: [\n      { label: \"Bi\u00e8re-pizza, bi\u00e8re-caf\u00e9, bi\u00e8re-piscine, bi\u00e8re-minigolf\", value: \"Le D\u00e9contract\u00e9 et l'Adaptable\" },\n      { label: \"Tu lis une s\u00e9rie d'articles du monde pour discuter apr\u00e8s\", value: \"L'\u00c9picurien et le Facilitateur\" },\n      { label: \"Tu fais une machine pour tout le monde parce que tes potes sont crades et remettent les m\u00eames fringues tous les jours\", value: \"Le Pragmatique et l'Observateur\" },\n      { label: \"Ton c\u0153ur balance alors tu commences par un tour du camping\", value: \"TODO\" },\n    ],\n  },\n  {\n    question: \"Quelqu'un propose une soir\u00e9e sans alcool, que fais-tu ?\",\n    reponses: [\n      { label: \"Tu nourris un d\u00e9bat interminable gr\u00e2ce \u00e0 des arguments fallacieux sans en avoir l'air.\", value: \"TODO\" },\n      { label: \"Enfin, on va pouvoir se reposer et faire des jeux.\", value: \"Le R\u00e9fl\u00e9chi et l'Organisateur\" },\n      { label: \"Tu vas te coucher, c'est la premi\u00e8re fois du s\u00e9jour que tu n'as pas la FOMO\", value: \"TODO\" },\n      { label: \"Tu attends que quelqu'un craque, et d'ailleurs tu as une id\u00e9e, mais \u00e7a sera pas toi\", value: \"TODO\" },\n    ],\n  },\n  {\n    question: \"Une discussion g\u00e9opolitique se lance, que fais-tu ?\",\n    reponses: [\n      { label: \"Tu vas parler avec les gens d'une autre table.\", value: \"L'Animateur Social\" },\n      { label: \"Tu te lances corps et \u00e2me dans la discussion, si tu n'y connais rien c'est pas grave, tu pourras toujours faire du almost.\", value: \"L'Engag\u00e9 et le D\u00e9fenseur\" },\n      { label: \"Tu dis n'importe quoi, ce genre d'ambiance intello n'a rien \u00e0 faire au SIF\", value: \"TODO\" },\n      { label: \"Tu poses des questions pour ne pas avoir l'air b\u00eate\", value: \"TODO\" },\n    ],\n  },\n  {\n    question: \"Une discussion sur le sexisme se lance, que fais-tu ?\",\n    reponses: [\n      { label: \"Tu ne vois pas en quoi \u00e7a te concerne.\", value: \"TODO\" },\n      { label: \"Une tribune se forme sous tes pieds et tu penses \u00e0 peine \u00e0 reprendre ta respiration\", value: \"TODO\" },\n      { label: \"C'est pour \u00e7a que t'aime le SIF\", value: \"Le R\u00e9fl\u00e9chi et l'Organisateur\" },\n      { label: \"Tu mansplaines \u00e9videmment\", value: \"L'\u00c9picurien et le Facilitateur\" },\n    ],\n  },\n  {\n    question: \"Un moment de flottement au SIF, que fais-tu ?\",\n    reponses: [\n      { label: \"Tu proposes un jeu, \u00e7a fait de la coh\u00e9sion.\", value: \"L'Animateur Social\" },\n      { label: \"Tu vas dormir derri\u00e8re un buisson, c'est l'occasion\", value: \"TODO\" },\n      { label: \"Tu proposes un d\u00e9bat\", value: \"L'Engag\u00e9 et le D\u00e9fenseur\" },\n      { label: \"Y'a toujours un truc \u00e0 organiser dans un groupe\", value: \"TODO\" },\n    ],\n  },\n  {\n    question: \"C'est la discussion sur l'heure du r\u00e9veil, que fais-tu ?\",\n    reponses: [\n      { label: \"Tu paniques, l'existence m\u00eame d'une discussion sur ce sujet est tyrannique.\", value: \"TODO\" },\n      { label: \"Tu proposes 7h en esp\u00e9rant avoir l'air sympa quand tu accepteras 8h.\", value: \"TODO\" },\n      { label: \"Oh no ! c'est reparti pour 1 h de discussions comme hier.\", value: \"TODO\" },\n      { label: \"Tu fais la moyenne de toutes les heures propos\u00e9es : \u00e7a fera consensus.\", value: \"Le R\u00e9fl\u00e9chi et l'Organisateur\" },\n    ],\n  },\n  {\n    question: \"C'est ton tour d'\u00eatre r\u00e9f\u00e9rent repas, que fais-tu ?\",\n    reponses: [\n      { label: \"Google maps, l'\u00e9picerie la plus proche sur le trajet vers 12h.\", value: \"TODO\" },\n      { label: \"Tu laisses faire ton bin\u00f4me : il ou elle a l'habitude\", value: \"TODO\" },\n      { label: \"Tu fais la liste des courses en te r\u00e9veillant, tu pr\u00e9vois un menu, 3 magasins diff\u00e9rents et un temps de cuisson.\", value: \"Le Pragmatique et l'Observateur\" },\n      { label: \"Tu proposes de manger \u00e0 la boulangerie, au moins, on aura des boissons fra\u00eeches;\", value: \"TODO\" },\n    ],\n  },\n  {\n    question: \"Plus personne n'a de PQ, que fais-tu ?\",\n    reponses: [\n      { label: \"Tu envoies des messages aux deux r\u00e9f\u00e9rents qui font les courses et tu doubles par une information directe, \u00e0 l'oral, lorsque les gens sont seuls comme \u00e7a ils sont concentr\u00e9s sur ce que tu dis.\", value: \"TODO\" },\n      { label: \"Tu mets tes chaussures \u00e0 p\u00e9dales auto, ton chrono, et tu fais 15km \u00e0 30 km\/h pour aller au supermarch\u00e9 de la ville d'\u00e0 c\u00f4t\u00e9.\", value: \"L'\u00c9picurien et le Facilitateur\" },\n      { label: \"Arf, quelqu'un va y penser, c'est \u00e7a le collectif.\", value: \"Le R\u00e9fl\u00e9chi et l'Organisateur\" },\n      { label: \"Tu en as de planqu\u00e9, mais tu le dis \u00e0 personne et tu attends la nuit pour l'utiliser\", value: \"TODO\" },\n    ],\n  },\n  {\n    question: \"C'est la discussion pour r\u00e9duire les d\u00e9penses, que fais-tu ?\",\n    reponses: [\n      { label: \"Tu dis l'inverse de ce que tu fais : il faut consommer moins en bar.\", value: \"L'\u00c9picurien et le Facilitateur\" },\n      { label: \"Tu paniques : un SIF sans restau et additions de bar abus\u00e9es n'est plus un SIF.\", value: \"TODO\" },\n      { label: \"Tu proposes d'acheter des packs et de boire sur la plage au coucher du soleil des Heineken pas fra\u00eeches.\", value: \"Le R\u00e9fl\u00e9chi et l'Organisateur\" },\n      { label: \"Tu es philosophe : cette discussion sert \u00e0 soulager la conscience des gens, elle ne sera suivie d'aucuns actes\", value: \"TODO\" },\n    ],\n  },\n  {\n    question: \"Il faut pr\u00e9parer les prochaines vacances, que fais-tu ?\",\n    reponses: [\n      { label: \"Tu rappelles que pour rouler, il faut un v\u00e9lo en \u00e9tat de marche.\", value: \"Le Pragmatique et l'Observateur\" },\n      { label: \"Tu en profites pour proposer de nouvelles habitudes de communications : un discord.\", value: \"L'\u00c9picurien et le Facilitateur\" },\n      { label: \"Tu proposes un trajet pour des cyclistes-ultra-light-qui-boivent-pas-d'alcool\", value: \"Le R\u00e9fl\u00e9chi et l'Organisateur\" },\n      { label: \"Tu fais le ratio nombre d'heures roul\u00e9es\/nombre d'heures de discussions : plus ce sera long \u00e0 pr\u00e9parer, plus il faudra partir longtemps\", value: \"TODO\" },\n    ],\n  },\n  {\n    question: \"Pour toi les rapports de pouvoir dans un groupe :\",\n    reponses: [\n      { label: \"Ca n'existe pas, mes potes sont des grandes gueules, c'est tout.\", value: \"Le D\u00e9contract\u00e9 et l'Adaptable\" },\n      { label: \"Ca va, y'a plusieurs cheffe\/chef, \u00e7a \u00e9quilibre, je me mets \u00e0 l'\u00e9cart.\", value: \"L'Engag\u00e9 et le D\u00e9fenseur\" },\n      { label: \"Le conflit c'est mauvais pour l'ambiance, tu vas voir les gens individuellement pendant que tu roules pour arrondir les angles\", value: \"TODO\" },\n      { label: \"Le SIF est \u00e0 l'image de la soci\u00e9t\u00e9 sauf qu'on parle plus.\", value: \"L'Animateur Social\" },\n    ],\n  },\n  {\n    question: \"Lors du d\u00e9brief de fin de journ\u00e9e\",\n    reponses: [\n      { label: \"Tu pr\u00e9pares dans ta t\u00eate une bonne formule, parce que c'est pas facile d'exprimer ses \u00e9motions\", value: \"Le Pragmatique et l'Observateur\" },\n      { label: \"Surtout tu commandes une pinte avant le tour de table, de toute fa\u00e7on t'as pas grand chose a dire\", value: \"L'Animateur Social\" },\n      { label: \"Tu te concentres sur des micro commentaires lucides pour remettre discr\u00e8tement les gens \u00e0 leur place\", value: \"Le Pragmatique et l'Observateur\" },\n      { label: \"Tu \u00e9coutes attentivement : on est pas dans la t\u00eate des gens\", value: \"TODO\" },\n    ],\n  },\n];\n\n\/\/ Variable globale pour les profils et leurs scores\nvar profils = {\n  \"Le Pragmatique et l'Observateur\": { score: 0, description: \"Description : Cette personne est pragmatique, observatrice et calme. Elle ne cherche pas \u00e0 cr\u00e9er de vagues, mais elle est attentive aux d\u00e9tails. Elle pr\u00e9f\u00e8re \u00e9viter les conflits et trouve des solutions pratiques aux probl\u00e8mes.\" },\n  \"L'Animateur Social\": { score: 0, description: \"Description : Sociable et \u00e9nergique, cette personne aime \u00eatre au centre de l'action. Elle prend l'initiative pour animer le groupe, que ce soit en organisant des activit\u00e9s, en lan\u00e7ant des jeux ou en participant activement aux discussions.\" },\n  \"Le R\u00e9fl\u00e9chi et l'Organisateur\": { score: 0, description: \"Description : Orient\u00e9 vers la planification et l'organisation, cette personne est r\u00e9fl\u00e9chie et pr\u00e9voyante. Elle aime anticiper les situations, proposer des id\u00e9es structur\u00e9es et prendre des d\u00e9cisions bien r\u00e9fl\u00e9chies pour le bien du groupe.\" },\n  \"Le D\u00e9contract\u00e9 et l'Adaptable\": { score: 0, description: \"Description : Cette personne est d\u00e9contract\u00e9e, adaptable et aime prendre les choses comme elles viennent. Elle ne se prend pas la t\u00eate, pr\u00e9f\u00e9rant profiter du moment pr\u00e9sent et s'adapter aux circonstances sans trop de stress.\" },\n  \"L'\u00c9picurien et le Facilitateur\": { score: 0, description: \"Description : Ax\u00e9 sur le plaisir et la facilitation, cette personne aime cr\u00e9er une atmosph\u00e8re agr\u00e9able. Elle privil\u00e9gie les exp\u00e9riences positives, est pr\u00eate \u00e0 faire des compromis pour le bien-\u00eatre du groupe et cherche \u00e0 \u00e9viter les discussions tendues.\" },\n  \"L'Engag\u00e9 et le D\u00e9fenseur\": { score: 0, description: \"Description : Socialement conscient, cette personne est engag\u00e9e et pr\u00eate \u00e0 d\u00e9fendre ses convictions. Elle n'h\u00e9site pas \u00e0 exprimer ses opinions, participe activement aux discussions soci\u00e9tales et cherche \u00e0 faire entendre sa voix sur des sujets qui lui tiennent \u00e0 c\u0153ur.\" },\n  \"TODO\": { score: 0, description: \"Description : C'est encore en cours et cette r\u00e9ponse n'a pas \u00e9t\u00e9 \u00e9tudier pour donner le bon score, d\u00e9so, \u00e7a arrive\u2026\" },\n\/\/ Ajoutez d'autres profils avec leurs scores et descriptions ici...\n};\n\n\/\/ Fonction pour calculer le r\u00e9sultat en fonction des r\u00e9ponses\nfunction calculerResultat(reponses) {\n  \/\/ R\u00e9initialisez les scores des profils\n  for (var profil in profils) {\n    profils[profil].score = 0;\n  }\n\n  \/\/ Calculez les scores des profils en fonction des r\u00e9ponses\n  for (var i = 0; i < reponses.length; i++) {\n    var reponse = reponses[i];\n    var profil = reponse.value;\n\n    \/\/ Ajoutez un point au score du profil correspondant\n    profils[profil].score++;\n  }\n\n  \/\/ Triez les profils par ordre d\u00e9croissant\n  var profilsTries = Object.entries(profils).sort((a, b) => b[1].score - a[1].score);\n\n  \/\/ Affichez le r\u00e9sultat dans le conteneur de r\u00e9sultat\n  var resultatContainer = document.getElementById(\"resultatContainer\");\n  resultatContainer.innerHTML = \"<h2>R\u00e9sultat du test :<\/h2>\";\n\n  \/\/ Styles en ligne pour les \u00e9l\u00e9ments\n  var pourcentageStyle = \"font-weight: bold;\";\n  var soulignementStyle = \"text-decoration: underline;\";\n  var descriptionStyle = \"background-color: #f2f2f2; padding: 10px; border-radius: 5px; margin-top: 5px;\";\n\n  \/\/ Affichez le pourcentage de correspondance et la description pour chaque profil (par ordre d\u00e9croissant)\n  for (var i = 0; i < profilsTries.length; i++) {\n    var profil = profilsTries[i][0];\n    var score = profilsTries[i][1].score;\n    var description = profilsTries[i][1].description;\n    var pourcentage = (score \/ questions.length) * 100;\n\n    \/\/ Cr\u00e9ation de l'\u00e9l\u00e9ment pourcentage avec style en ligne\n    var pourcentageElement = \"<p style='\" + pourcentageStyle + \"'><span style='\" + soulignementStyle + \"'>\" + profil + \"<\/span> : \" + pourcentage.toFixed(2) + \"% de correspondance<\/p>\";\n\n    \/\/ Cr\u00e9ation de l'\u00e9l\u00e9ment description avec style en ligne\n    var descriptionElement = \"<div style='\" + descriptionStyle + \"'>\" + description + \"<\/div><br\/>\";\n\n    \/\/ Ajout des \u00e9l\u00e9ments au conteneur de r\u00e9sultat\n    resultatContainer.innerHTML += pourcentageElement + descriptionElement;\n  }\n}\n\n\/\/ Fonction principale pour poser le questionnaire\nfunction poserQuestionnaire() {\n  \/\/ R\u00e9cup\u00e9rez le conteneur du questionnaire\n  var questionnaireContainer = document.getElementById(\"questionnaireContainer\");\n\n  \/\/ Parcourez les questions et affichez-les avec des options de r\u00e9ponse\n  for (var i = 0; i < questions.length; i++) {\n    var questionContainer = document.createElement(\"div\");\n    questionContainer.style.marginBottom = \"20px\";\n\n    \/\/ Ajoutez un num\u00e9ro devant chaque question\n    var numeroQuestion = i + 1;\n\n    \/\/ Cr\u00e9ation de l'\u00e9l\u00e9ment paragraphe pour la question avec style en ligne\n    var paragrapheQuestion = \"<p style='font-size: 16px;'>\" + numeroQuestion + \"\/ \" + questions[i].question + \"<\/p>\";\n\n    questionContainer.innerHTML += paragrapheQuestion;\n\n    \/\/ Ajoutez des boutons radio pour chaque r\u00e9ponse\n    for (var j = 0; j < questions[i].reponses.length; j++) {\n      var input = document.createElement(\"input\");\n      input.type = \"radio\";\n      input.name = \"question\" + i;\n      input.value = questions[i].reponses[j].value;\n      input.id = \"q\" + i + \"r\" + j;\n\n      var label = document.createElement(\"label\");\n      label.style.marginRight = \"5px\";\n      label.innerHTML = \"<label for='\" + input.id + \"'>\" + questions[i].reponses[j].label + \"<\/label>\";\n\n      var br = document.createElement(\"br\");\n\n      questionContainer.appendChild(input);\n      questionContainer.appendChild(label);\n      questionContainer.appendChild(br);\n    }\n\n    questionnaireContainer.appendChild(questionContainer);\n  }\n\n  \/\/ Ajoutez un bouton pour soumettre les r\u00e9ponses\n  var submitButton = document.createElement(\"button\");\n  submitButton.innerHTML = \"Soumettre\";\n  submitButton.onclick = function() {\n    var reponses = document.querySelectorAll(\"input[type=radio]:checked\");\n    calculerResultat(reponses);\n  };\n\n  questionnaireContainer.appendChild(submitButton);\n}\n\n\/\/ Appelez la fonction principale lorsque la page est charg\u00e9e\nwindow.onload = function() {\n  poserQuestionnaire();\n};\n<\/script>\n\n\n\n\n<p><\/p>\n\n\n\n<details class=\"wp-block-details is-layout-flow wp-block-details-is-layout-flow\"><summary>Details<\/summary>\n<p><\/p>\n<\/details>\n","protected":false},"excerpt":{"rendered":"<p>\/!\\ Attention ce test n&rsquo;est pas encore finalis\u00e9, il peut comporter des erreurs \/!\\<\/p>\n","protected":false},"author":2,"featured_media":0,"parent":0,"menu_order":0,"comment_status":"closed","ping_status":"closed","template":"","meta":{"footnotes":""},"class_list":["post-66","page","type-page","status-publish","hentry"],"_links":{"self":[{"href":"https:\/\/lesif.fr\/index.php\/wp-json\/wp\/v2\/pages\/66","targetHints":{"allow":["GET"]}}],"collection":[{"href":"https:\/\/lesif.fr\/index.php\/wp-json\/wp\/v2\/pages"}],"about":[{"href":"https:\/\/lesif.fr\/index.php\/wp-json\/wp\/v2\/types\/page"}],"author":[{"embeddable":true,"href":"https:\/\/lesif.fr\/index.php\/wp-json\/wp\/v2\/users\/2"}],"replies":[{"embeddable":true,"href":"https:\/\/lesif.fr\/index.php\/wp-json\/wp\/v2\/comments?post=66"}],"version-history":[{"count":15,"href":"https:\/\/lesif.fr\/index.php\/wp-json\/wp\/v2\/pages\/66\/revisions"}],"predecessor-version":[{"id":87,"href":"https:\/\/lesif.fr\/index.php\/wp-json\/wp\/v2\/pages\/66\/revisions\/87"}],"wp:attachment":[{"href":"https:\/\/lesif.fr\/index.php\/wp-json\/wp\/v2\/media?parent=66"}],"curies":[{"name":"wp","href":"https:\/\/api.w.org\/{rel}","templated":true}]}}