{"id":316,"date":"2025-12-20T17:04:56","date_gmt":"2025-12-20T16:04:56","guid":{"rendered":"https:\/\/lesif.fr\/?page_id=316"},"modified":"2025-12-20T17:04:57","modified_gmt":"2025-12-20T16:04:57","slug":"revue-de-presse","status":"publish","type":"page","link":"https:\/\/lesif.fr\/index.php\/revue-de-presse\/","title":{"rendered":"Revue de presse"},"content":{"rendered":"\n<p>Nous sommes apparus dans la presse \ud83d\ude09<\/p>\n\n\n\n<h1 class=\"wp-block-heading\">2025<\/h1>\n\n\n\n<h2 class=\"wp-block-heading\">L&rsquo;Est R\u00e9publicain<\/h2>\n\n\n\n<p>Extrait du journal l&rsquo;Est R\u00e9publicain, suite \u00e0 une rencontre avec un journaliste lors de notre p\u00e9riple.<\/p>\n\n\n\n<figure class=\"wp-block-image size-large\"><img loading=\"lazy\" decoding=\"async\" width=\"739\" height=\"1024\" src=\"https:\/\/lesif.fr\/wp-content\/uploads\/2025\/12\/signal-2025-08-06-202739_002-739x1024.jpeg\" alt=\"\" class=\"wp-image-317\" srcset=\"https:\/\/lesif.fr\/wp-content\/uploads\/2025\/12\/signal-2025-08-06-202739_002-739x1024.jpeg 739w, https:\/\/lesif.fr\/wp-content\/uploads\/2025\/12\/signal-2025-08-06-202739_002-216x300.jpeg 216w, https:\/\/lesif.fr\/wp-content\/uploads\/2025\/12\/signal-2025-08-06-202739_002-768x1065.jpeg 768w, https:\/\/lesif.fr\/wp-content\/uploads\/2025\/12\/signal-2025-08-06-202739_002.jpeg 958w\" sizes=\"auto, (max-width: 739px) 100vw, 739px\" \/><\/figure>\n\n\n\n<p>Source\u00a0: <a href=\"https:\/\/www.estrepublicain.fr\/culture-loisirs\/2025\/08\/05\/ces-touristes-parcourent-300-km-a-velo\">https:\/\/www.estrepublicain.fr\/culture-loisirs\/2025\/08\/05\/ces-touristes-parcourent-300-km-a-velo<\/a><\/p>\n\n\n\n<h2 class=\"wp-block-heading\">Extrait d&rsquo;un reportage France TV<\/h2>\n\n\n\n<p>Anne-So a fi\u00e8rement repr\u00e9sent\u00e9 les couleurs du SIF en arborant le maillot du SIF en feu.<\/p>\n\n\n\n<figure class=\"wp-block-video\"><video controls src=\"https:\/\/lesif.fr\/wp-content\/uploads\/2025\/12\/signal-2025-07-25-163726_002.mp4\"><\/video><\/figure>\n\n\n\n<p><\/p>\n","protected":false},"excerpt":{"rendered":"<p>Nous sommes apparus dans la presse \ud83d\ude09 2025 L&rsquo;Est R\u00e9publicain Extrait du journal l&rsquo;Est R\u00e9publicain, suite \u00e0 une rencontre avec un journaliste lors de notre &hellip; <\/p>\n","protected":false},"author":2,"featured_media":0,"parent":0,"menu_order":0,"comment_status":"closed","ping_status":"closed","template":"","meta":{"footnotes":""},"class_list":["post-316","page","type-page","status-publish","hentry"],"_links":{"self":[{"href":"https:\/\/lesif.fr\/index.php\/wp-json\/wp\/v2\/pages\/316","targetHints":{"allow":["GET"]}}],"collection":[{"href":"https:\/\/lesif.fr\/index.php\/wp-json\/wp\/v2\/pages"}],"about":[{"href":"https:\/\/lesif.fr\/index.php\/wp-json\/wp\/v2\/types\/page"}],"author":[{"embeddable":true,"href":"https:\/\/lesif.fr\/index.php\/wp-json\/wp\/v2\/users\/2"}],"replies":[{"embeddable":true,"href":"https:\/\/lesif.fr\/index.php\/wp-json\/wp\/v2\/comments?post=316"}],"version-history":[{"count":2,"href":"https:\/\/lesif.fr\/index.php\/wp-json\/wp\/v2\/pages\/316\/revisions"}],"predecessor-version":[{"id":320,"href":"https:\/\/lesif.fr\/index.php\/wp-json\/wp\/v2\/pages\/316\/revisions\/320"}],"wp:attachment":[{"href":"https:\/\/lesif.fr\/index.php\/wp-json\/wp\/v2\/media?parent=316"}],"curies":[{"name":"wp","href":"https:\/\/api.w.org\/{rel}","templated":true}]}}