{"id":2,"date":"2023-08-20T17:13:42","date_gmt":"2023-08-20T15:13:42","guid":{"rendered":"http:\/\/lesif.fr\/?page_id=2"},"modified":"2024-02-20T13:56:12","modified_gmt":"2024-02-20T12:56:12","slug":"c-est-quoi-le-sif","status":"publish","type":"page","link":"https:\/\/lesif.fr\/index.php\/c-est-quoi-le-sif\/","title":{"rendered":"\ud83d\udeb2 C&rsquo;est quoi le SIF ?"},"content":{"rendered":"\n<p>Oui, le SIF est un acronyme d\u00e9signant le <a href=\"https:\/\/fr.wikipedia.org\/wiki\/Sillon_interfessier\">Sillon Interfessier<\/a>, \u2026 Mais pour de bonnes raisons.<\/p>\n\n\n\n<p>Nous sommes un groupe de cyclistes amateurs (une bande de potes quoi), qui faisons des randos v\u00e9lo ensemble sur plusieurs jours intercal\u00e9 de camping et de soir\u00e9e endiabl\u00e9.<\/p>\n\n\n\n<p>Notre groupe s&rsquo;appelle \u00ab\u00a0Le SIF en feu\u00a0\u00bb. Je pense qu&rsquo;il n&rsquo;y a pas besoin d&rsquo;expliquer plus longuement le rapport entre le SIF et le faite de faire du v\u00e9lo plusieurs jours sur une selle \ud83d\ude42<\/p>\n\n\n\n<p><\/p>\n","protected":false},"excerpt":{"rendered":"<p>Oui, le SIF est un acronyme d\u00e9signant le Sillon Interfessier, \u2026 Mais pour de bonnes raisons. Nous sommes un groupe de cyclistes amateurs (une bande &hellip; <\/p>\n","protected":false},"author":1,"featured_media":0,"parent":0,"menu_order":0,"comment_status":"closed","ping_status":"closed","template":"","meta":{"footnotes":""},"class_list":["post-2","page","type-page","status-publish","hentry"],"_links":{"self":[{"href":"https:\/\/lesif.fr\/index.php\/wp-json\/wp\/v2\/pages\/2","targetHints":{"allow":["GET"]}}],"collection":[{"href":"https:\/\/lesif.fr\/index.php\/wp-json\/wp\/v2\/pages"}],"about":[{"href":"https:\/\/lesif.fr\/index.php\/wp-json\/wp\/v2\/types\/page"}],"author":[{"embeddable":true,"href":"https:\/\/lesif.fr\/index.php\/wp-json\/wp\/v2\/users\/1"}],"replies":[{"embeddable":true,"href":"https:\/\/lesif.fr\/index.php\/wp-json\/wp\/v2\/comments?post=2"}],"version-history":[{"count":3,"href":"https:\/\/lesif.fr\/index.php\/wp-json\/wp\/v2\/pages\/2\/revisions"}],"predecessor-version":[{"id":110,"href":"https:\/\/lesif.fr\/index.php\/wp-json\/wp\/v2\/pages\/2\/revisions\/110"}],"wp:attachment":[{"href":"https:\/\/lesif.fr\/index.php\/wp-json\/wp\/v2\/media?parent=2"}],"curies":[{"name":"wp","href":"https:\/\/api.w.org\/{rel}","templated":true}]}}